{"id":475,"date":"2021-11-03T11:47:06","date_gmt":"2021-11-03T11:47:06","guid":{"rendered":"https:\/\/beartestudio.com\/?post_type=product&#038;p=475"},"modified":"2021-11-03T11:47:06","modified_gmt":"2021-11-03T11:47:06","slug":"berta-caceres","status":"publish","type":"product","link":"https:\/\/beartestudio.com\/index.php\/producto\/berta-caceres\/","title":{"rendered":"Berta C\u00e1ceres"},"content":{"rendered":"<p>Retrato de la activista medioambiental Berta C\u00e1ceres realizado con sangre sobre papel acuarelable de 300g.<\/p>\n<p>Medidas: A3 ( 39,7 x 42cm)<\/p>\n<p>Se env\u00eda sin marco.<\/p>\n","protected":false},"excerpt":{"rendered":"<p>Retrato a sangre de Berta C\u00e1ceres, activista medioambiental que muri\u00f3 asesinada.<\/p>\n","protected":false},"featured_media":476,"comment_status":"open","ping_status":"closed","template":"","meta":{"spay_email":""},"product_cat":[21],"product_tag":[27,25,26],"yoast_head":"<!-- This site is optimized with the Yoast SEO plugin v17.5 - https:\/\/yoast.com\/wordpress\/plugins\/seo\/ -->\n<title>Berta C\u00e1ceres -<\/title>\n<meta name=\"robots\" content=\"index, follow, max-snippet:-1, max-image-preview:large, max-video-preview:-1\" \/>\n<link rel=\"canonical\" href=\"https:\/\/beartestudio.com\/index.php\/producto\/berta-caceres\/\" \/>\n<meta property=\"og:locale\" content=\"es_ES\" \/>\n<meta property=\"og:type\" content=\"article\" \/>\n<meta property=\"og:title\" content=\"Berta C\u00e1ceres -\" \/>\n<meta property=\"og:description\" content=\"Retrato a sangre de Berta C\u00e1ceres, activista medioambiental que muri\u00f3 asesinada.\" \/>\n<meta property=\"og:url\" content=\"https:\/\/beartestudio.com\/index.php\/producto\/berta-caceres\/\" \/>\n<meta property=\"og:image\" content=\"https:\/\/beartestudio.com\/wp-content\/uploads\/2021\/11\/Scandinavian_dining_room-1024x1024.jpg\" \/>\n\t<meta property=\"og:image:width\" content=\"1024\" \/>\n\t<meta property=\"og:image:height\" content=\"1024\" \/>\n<meta name=\"twitter:card\" content=\"summary_large_image\" \/>\n<meta name=\"twitter:label1\" content=\"Tiempo de lectura\" \/>\n\t<meta name=\"twitter:data1\" content=\"1 minuto\" \/>\n<script type=\"application\/ld+json\" class=\"yoast-schema-graph\">{\"@context\":\"https:\/\/schema.org\",\"@graph\":[{\"@type\":[\"Person\",\"Organization\"],\"@id\":\"https:\/\/beartestudio.com\/#\/schema\/person\/361cb204b2dc0e688d195bad7fbb4fe0\",\"name\":\"admin\",\"image\":{\"@type\":\"ImageObject\",\"@id\":\"https:\/\/beartestudio.com\/#personlogo\",\"inLanguage\":\"es\",\"url\":\"https:\/\/beartestudio.com\/wp-content\/uploads\/2021\/09\/IMG_20180903_180157_183.jpg\",\"contentUrl\":\"https:\/\/beartestudio.com\/wp-content\/uploads\/2021\/09\/IMG_20180903_180157_183.jpg\",\"width\":1080,\"height\":1080,\"caption\":\"admin\"},\"logo\":{\"@id\":\"https:\/\/beartestudio.com\/#personlogo\"},\"sameAs\":[\"http:\/\/beartestudio.com\"]},{\"@type\":\"WebSite\",\"@id\":\"https:\/\/beartestudio.com\/#website\",\"url\":\"https:\/\/beartestudio.com\/\",\"name\":\"\",\"description\":\"Consigue ese detalle especial con el que siempre has so&ntilde;ado.\",\"publisher\":{\"@id\":\"https:\/\/beartestudio.com\/#\/schema\/person\/361cb204b2dc0e688d195bad7fbb4fe0\"},\"potentialAction\":[{\"@type\":\"SearchAction\",\"target\":{\"@type\":\"EntryPoint\",\"urlTemplate\":\"https:\/\/beartestudio.com\/?s={search_term_string}\"},\"query-input\":\"required name=search_term_string\"}],\"inLanguage\":\"es\"},{\"@type\":\"ImageObject\",\"@id\":\"https:\/\/beartestudio.com\/index.php\/producto\/berta-caceres\/#primaryimage\",\"inLanguage\":\"es\",\"url\":\"https:\/\/beartestudio.com\/wp-content\/uploads\/2021\/11\/Scandinavian_dining_room.jpg\",\"contentUrl\":\"https:\/\/beartestudio.com\/wp-content\/uploads\/2021\/11\/Scandinavian_dining_room.jpg\",\"width\":1998,\"height\":2000},{\"@type\":\"WebPage\",\"@id\":\"https:\/\/beartestudio.com\/index.php\/producto\/berta-caceres\/#webpage\",\"url\":\"https:\/\/beartestudio.com\/index.php\/producto\/berta-caceres\/\",\"name\":\"Berta C\\u00e1ceres -\",\"isPartOf\":{\"@id\":\"https:\/\/beartestudio.com\/#website\"},\"primaryImageOfPage\":{\"@id\":\"https:\/\/beartestudio.com\/index.php\/producto\/berta-caceres\/#primaryimage\"},\"datePublished\":\"2021-11-03T11:47:06+00:00\",\"dateModified\":\"2021-11-03T11:47:06+00:00\",\"breadcrumb\":{\"@id\":\"https:\/\/beartestudio.com\/index.php\/producto\/berta-caceres\/#breadcrumb\"},\"inLanguage\":\"es\",\"potentialAction\":[{\"@type\":\"ReadAction\",\"target\":[\"https:\/\/beartestudio.com\/index.php\/producto\/berta-caceres\/\"]}]},{\"@type\":\"BreadcrumbList\",\"@id\":\"https:\/\/beartestudio.com\/index.php\/producto\/berta-caceres\/#breadcrumb\",\"itemListElement\":[{\"@type\":\"ListItem\",\"position\":1,\"name\":\"Portada\",\"item\":\"https:\/\/beartestudio.com\/\"},{\"@type\":\"ListItem\",\"position\":2,\"name\":\"Tienda\",\"item\":\"https:\/\/beartestudio.com\/index.php\/tienda\/\"},{\"@type\":\"ListItem\",\"position\":3,\"name\":\"Berta C\\u00e1ceres\"}]}]}<\/script>\n<!-- \/ Yoast SEO plugin. -->","yoast_head_json":{"title":"Berta C\u00e1ceres -","robots":{"index":"index","follow":"follow","max-snippet":"max-snippet:-1","max-image-preview":"max-image-preview:large","max-video-preview":"max-video-preview:-1"},"canonical":"https:\/\/beartestudio.com\/index.php\/producto\/berta-caceres\/","og_locale":"es_ES","og_type":"article","og_title":"Berta C\u00e1ceres -","og_description":"Retrato a sangre de Berta C\u00e1ceres, activista medioambiental que muri\u00f3 asesinada.","og_url":"https:\/\/beartestudio.com\/index.php\/producto\/berta-caceres\/","og_image":[{"width":1024,"height":1024,"url":"https:\/\/beartestudio.com\/wp-content\/uploads\/2021\/11\/Scandinavian_dining_room-1024x1024.jpg","type":"image\/jpeg"}],"twitter_card":"summary_large_image","twitter_misc":{"Tiempo de lectura":"1 minuto"},"schema":{"@context":"https:\/\/schema.org","@graph":[{"@type":["Person","Organization"],"@id":"https:\/\/beartestudio.com\/#\/schema\/person\/361cb204b2dc0e688d195bad7fbb4fe0","name":"admin","image":{"@type":"ImageObject","@id":"https:\/\/beartestudio.com\/#personlogo","inLanguage":"es","url":"https:\/\/beartestudio.com\/wp-content\/uploads\/2021\/09\/IMG_20180903_180157_183.jpg","contentUrl":"https:\/\/beartestudio.com\/wp-content\/uploads\/2021\/09\/IMG_20180903_180157_183.jpg","width":1080,"height":1080,"caption":"admin"},"logo":{"@id":"https:\/\/beartestudio.com\/#personlogo"},"sameAs":["http:\/\/beartestudio.com"]},{"@type":"WebSite","@id":"https:\/\/beartestudio.com\/#website","url":"https:\/\/beartestudio.com\/","name":"","description":"Consigue ese detalle especial con el que siempre has so&ntilde;ado.","publisher":{"@id":"https:\/\/beartestudio.com\/#\/schema\/person\/361cb204b2dc0e688d195bad7fbb4fe0"},"potentialAction":[{"@type":"SearchAction","target":{"@type":"EntryPoint","urlTemplate":"https:\/\/beartestudio.com\/?s={search_term_string}"},"query-input":"required name=search_term_string"}],"inLanguage":"es"},{"@type":"ImageObject","@id":"https:\/\/beartestudio.com\/index.php\/producto\/berta-caceres\/#primaryimage","inLanguage":"es","url":"https:\/\/beartestudio.com\/wp-content\/uploads\/2021\/11\/Scandinavian_dining_room.jpg","contentUrl":"https:\/\/beartestudio.com\/wp-content\/uploads\/2021\/11\/Scandinavian_dining_room.jpg","width":1998,"height":2000},{"@type":"WebPage","@id":"https:\/\/beartestudio.com\/index.php\/producto\/berta-caceres\/#webpage","url":"https:\/\/beartestudio.com\/index.php\/producto\/berta-caceres\/","name":"Berta C\u00e1ceres -","isPartOf":{"@id":"https:\/\/beartestudio.com\/#website"},"primaryImageOfPage":{"@id":"https:\/\/beartestudio.com\/index.php\/producto\/berta-caceres\/#primaryimage"},"datePublished":"2021-11-03T11:47:06+00:00","dateModified":"2021-11-03T11:47:06+00:00","breadcrumb":{"@id":"https:\/\/beartestudio.com\/index.php\/producto\/berta-caceres\/#breadcrumb"},"inLanguage":"es","potentialAction":[{"@type":"ReadAction","target":["https:\/\/beartestudio.com\/index.php\/producto\/berta-caceres\/"]}]},{"@type":"BreadcrumbList","@id":"https:\/\/beartestudio.com\/index.php\/producto\/berta-caceres\/#breadcrumb","itemListElement":[{"@type":"ListItem","position":1,"name":"Portada","item":"https:\/\/beartestudio.com\/"},{"@type":"ListItem","position":2,"name":"Tienda","item":"https:\/\/beartestudio.com\/index.php\/tienda\/"},{"@type":"ListItem","position":3,"name":"Berta C\u00e1ceres"}]}]}},"_links":{"self":[{"href":"https:\/\/beartestudio.com\/index.php\/wp-json\/wp\/v2\/product\/475"}],"collection":[{"href":"https:\/\/beartestudio.com\/index.php\/wp-json\/wp\/v2\/product"}],"about":[{"href":"https:\/\/beartestudio.com\/index.php\/wp-json\/wp\/v2\/types\/product"}],"replies":[{"embeddable":true,"href":"https:\/\/beartestudio.com\/index.php\/wp-json\/wp\/v2\/comments?post=475"}],"wp:featuredmedia":[{"embeddable":true,"href":"https:\/\/beartestudio.com\/index.php\/wp-json\/wp\/v2\/media\/476"}],"wp:attachment":[{"href":"https:\/\/beartestudio.com\/index.php\/wp-json\/wp\/v2\/media?parent=475"}],"wp:term":[{"taxonomy":"product_cat","embeddable":true,"href":"https:\/\/beartestudio.com\/index.php\/wp-json\/wp\/v2\/product_cat?post=475"},{"taxonomy":"product_tag","embeddable":true,"href":"https:\/\/beartestudio.com\/index.php\/wp-json\/wp\/v2\/product_tag?post=475"}],"curies":[{"name":"wp","href":"https:\/\/api.w.org\/{rel}","templated":true}]}}